{"id":120,"date":"2021-02-22T15:23:27","date_gmt":"2021-02-22T15:23:27","guid":{"rendered":"https:\/\/rb.autoren-net.de\/?page_id=120"},"modified":"2021-02-23T06:53:39","modified_gmt":"2021-02-23T06:53:39","slug":"bilder-vom-tag","status":"publish","type":"page","link":"https:\/\/rb.autoren-net.de\/?page_id=120","title":{"rendered":"Bilder vom Tag"},"content":{"rendered":"<h2>Hier werden die Bilder vom Tag angezeigt<\/h2>\n<p>Es sind in der Regel Bilder aus dem Zeitrahmen von 9:00 Uhr bis 18:00 Uhr zu sehen (wird je nach Jahreszeit angepasst). Das Bildintervall betr\u00e4gt 2 Minuten. Der Bildordner wird jeden Tag gel\u00f6scht. Die Bereitstellung der Bilder ist nat\u00fcrlich nicht garantiert.<br \/>\n<iframe src=\"https:\/\/rb.autoren-net.de\/thumb\/reichenbachwrapper.php\" width='100%' height='800'\"><\/iframe><\/p>\n","protected":false},"excerpt":{"rendered":"<p>Hier werden die Bilder vom Tag angezeigt Es sind in der Regel Bilder aus dem Zeitrahmen von 9:00 Uhr bis 18:00 Uhr zu sehen (wird je nach Jahreszeit angepasst). Das Bildintervall betr\u00e4gt 2 Minuten. Der Bildordner wird jeden Tag gel\u00f6scht. Die Bereitstellung der Bilder ist nat\u00fcrlich nicht garantiert.<\/p>\n<p> <a class=\"continue-reading-link\" href=\"https:\/\/rb.autoren-net.de\/?page_id=120\"><span>Continue reading<\/span><i class=\"crycon-right-dir\"><\/i><\/a> <\/p>\n","protected":false},"author":1,"featured_media":0,"parent":0,"menu_order":0,"comment_status":"closed","ping_status":"closed","template":"","meta":{"footnotes":""},"class_list":["post-120","page","type-page","status-publish","hentry"],"_links":{"self":[{"href":"https:\/\/rb.autoren-net.de\/index.php?rest_route=\/wp\/v2\/pages\/120","targetHints":{"allow":["GET"]}}],"collection":[{"href":"https:\/\/rb.autoren-net.de\/index.php?rest_route=\/wp\/v2\/pages"}],"about":[{"href":"https:\/\/rb.autoren-net.de\/index.php?rest_route=\/wp\/v2\/types\/page"}],"author":[{"embeddable":true,"href":"https:\/\/rb.autoren-net.de\/index.php?rest_route=\/wp\/v2\/users\/1"}],"replies":[{"embeddable":true,"href":"https:\/\/rb.autoren-net.de\/index.php?rest_route=%2Fwp%2Fv2%2Fcomments&post=120"}],"version-history":[{"count":5,"href":"https:\/\/rb.autoren-net.de\/index.php?rest_route=\/wp\/v2\/pages\/120\/revisions"}],"predecessor-version":[{"id":126,"href":"https:\/\/rb.autoren-net.de\/index.php?rest_route=\/wp\/v2\/pages\/120\/revisions\/126"}],"wp:attachment":[{"href":"https:\/\/rb.autoren-net.de\/index.php?rest_route=%2Fwp%2Fv2%2Fmedia&parent=120"}],"curies":[{"name":"wp","href":"https:\/\/api.w.org\/{rel}","templated":true}]}}