{"id":4,"date":"2021-02-04T18:11:59","date_gmt":"2021-02-04T18:11:59","guid":{"rendered":"https:\/\/rb.autoren-net.de\/?page_id=4"},"modified":"2024-10-06T06:24:25","modified_gmt":"2024-10-06T06:24:25","slug":"flughang-in-reichenbach","status":"publish","type":"page","link":"https:\/\/rb.autoren-net.de\/","title":{"rendered":"Flughang in Reichenbach"},"content":{"rendered":"<h2>Anfahrt und Weg zum Hang<\/h2>\n<p>Parken bitte unterhalb vom Hang &#8222;Im Anger&#8220;. Adresse f\u00fcrs Navi: Im Anger 1, 65529 Waldems<\/p>\n<hr \/>\n<p><a href=\"https:\/\/www.google.com\/maps\/dir\/50.2755177,8.3760378\/50.2785528,8.3746664\/@50.2778321,8.3732455,301m\/data=!3m1!1e3!4m2!4m1!3e2\" target=\"neu\" rel=\"noopener\">Link zu den Koordinaten des Flughangs in Google Maps<\/a><\/p>\n<p><img loading=\"lazy\" decoding=\"async\" class=\"alignnone size-full wp-image-160\" src=\"https:\/\/rb.autoren-net.de\/wp-content\/uploads\/2024\/08\/Fluggelaende-Reichenbach-01.jpg\" alt=\"\" width=\"770\" height=\"819\" srcset=\"https:\/\/rb.autoren-net.de\/wp-content\/uploads\/2024\/08\/Fluggelaende-Reichenbach-01.jpg 770w, https:\/\/rb.autoren-net.de\/wp-content\/uploads\/2024\/08\/Fluggelaende-Reichenbach-01-282x300.jpg 282w, https:\/\/rb.autoren-net.de\/wp-content\/uploads\/2024\/08\/Fluggelaende-Reichenbach-01-768x817.jpg 768w, https:\/\/rb.autoren-net.de\/wp-content\/uploads\/2024\/08\/Fluggelaende-Reichenbach-01-141x150.jpg 141w\" sizes=\"auto, (max-width: 770px) 100vw, 770px\" \/><\/p>\n<p>&nbsp;<\/p>\n<h1>Die Wetterdaten<\/h1>\n<p><iframe loading=\"lazy\" src=\"https:\/\/www.weatherlink.com\/embeddablePage\/show\/ae29278f36574acba84c5cccb7df8f4d\/fullscreen\" width=\"100%\" height=\"500\" frameborder=\"0\"><\/iframe><\/p>\n<h3><a style=\"color: blue; word-space: 5px;\" href=\"https:\/\/www.wunderground.com\/dashboard\/pws\/IWALDE23\" target=\"neu\" rel=\"noopener\">Detaillierte Wetterdaten (externer Link)<\/a><\/h3>\n<p>Die Wetterdaten werden am Standort der Webcam im Ort erfasst (ca 800 m Luftlinie s\u00fcdlich vom Hang etwa 80 m tiefer). Die Windrichtung stimmt meist recht gut. Die Windst\u00e4rke ist am Hang meist deutlich h\u00f6her als an der Station. Als Faustwert k\u00f6nnte man sagen, wenn an der Station 2-stellige Werte angezeigt werden, ist es oben bereits grenzwertig bis zu stark.<\/p>\n<p>Wg. der Orographie (Gel\u00e4ndeform) kommt der Wind auch bei \u00fcberregional S oder SW oft leicht aus SSO. Dann bitte entsprechend vorsichtig sein. Nehmt auch den Windsack zu Hilfe. Wenn man ihn bei S gar nicht sieht (weil ihm die Kamera genau ins Maul schaut), steht der Wind genau drauf. Wenn der Windsack recht h\u00e4ufig die Ansicht wechselt, k\u00f6nnte es b\u00f6ig sein! Sollten Piloten am Hang sein hilft es auch zu schauen, in welche Richtung die Schirme stehen oder fallen.<\/p>\n<h2>Blick auf den Hang<\/h2>\n<p>Die Kamera aktualisiert sich alle 30 sec (ohne Gew\u00e4hr). Von 20:00 Uhr &#8211; 8:00 Uhr liefern wir in der Regel keine aktuelle Bilder. Bitte beachten, dass in der Zeit in der Regel das letzte aktuelle Bild angezeigt wird.<\/p>\n<p><iframe loading=\"lazy\" src=\"https:\/\/rb.autoren-net.de\/reichenbach.php\" width=\"800\" height=\"600\" frameborder=\"0\"><\/iframe><\/p>\n<p><a href=\"https:\/\/rb.autoren-net.de\/?page_id=120\">Bilder vom Tag<\/a><\/p>\n<p>&nbsp;<\/p>\n<hr \/>\n<p><a href=\"http:\/\/rjs.de\">(c) RJS EDV-KnowHow &#8211; www.rjs.de<\/a><\/p>\n<p>Danke an Wolfram f\u00fcr die Bereitstellung der Location<\/p>\n<hr \/>\n","protected":false},"excerpt":{"rendered":"<p>Anfahrt und Weg zum Hang Parken bitte unterhalb vom Hang &#8222;Im Anger&#8220;. Adresse f\u00fcrs Navi: Im Anger 1, 65529 Waldems Link zu den Koordinaten des Flughangs in Google Maps &nbsp; Die Wetterdaten Detaillierte Wetterdaten (externer Link) Die Wetterdaten werden am Standort der Webcam im Ort erfasst (ca 800 m Luftlinie &#8230;<\/p>\n<p> <a class=\"continue-reading-link\" href=\"https:\/\/rb.autoren-net.de\/\"><span>Continue reading<\/span><i class=\"crycon-right-dir\"><\/i><\/a> <\/p>\n","protected":false},"author":1,"featured_media":0,"parent":0,"menu_order":0,"comment_status":"closed","ping_status":"closed","template":"","meta":{"footnotes":""},"class_list":["post-4","page","type-page","status-publish","hentry"],"_links":{"self":[{"href":"https:\/\/rb.autoren-net.de\/index.php?rest_route=\/wp\/v2\/pages\/4","targetHints":{"allow":["GET"]}}],"collection":[{"href":"https:\/\/rb.autoren-net.de\/index.php?rest_route=\/wp\/v2\/pages"}],"about":[{"href":"https:\/\/rb.autoren-net.de\/index.php?rest_route=\/wp\/v2\/types\/page"}],"author":[{"embeddable":true,"href":"https:\/\/rb.autoren-net.de\/index.php?rest_route=\/wp\/v2\/users\/1"}],"replies":[{"embeddable":true,"href":"https:\/\/rb.autoren-net.de\/index.php?rest_route=%2Fwp%2Fv2%2Fcomments&post=4"}],"version-history":[{"count":47,"href":"https:\/\/rb.autoren-net.de\/index.php?rest_route=\/wp\/v2\/pages\/4\/revisions"}],"predecessor-version":[{"id":163,"href":"https:\/\/rb.autoren-net.de\/index.php?rest_route=\/wp\/v2\/pages\/4\/revisions\/163"}],"wp:attachment":[{"href":"https:\/\/rb.autoren-net.de\/index.php?rest_route=%2Fwp%2Fv2%2Fmedia&parent=4"}],"curies":[{"name":"wp","href":"https:\/\/api.w.org\/{rel}","templated":true}]}}